{"id":13265,"date":"2017-10-14T21:25:05","date_gmt":"2017-10-14T21:25:05","guid":{"rendered":"http:\/\/www.ramonafellermeier.com\/?page_id=13265"},"modified":"2017-10-16T09:35:02","modified_gmt":"2017-10-16T09:35:02","slug":"impressum","status":"publish","type":"page","link":"https:\/\/www.ramonafellermeier.com\/en\/impressum\/","title":{"rendered":"Impressum"},"content":{"rendered":"<div class=\"fusion-fullwidth fullwidth-box fusion-builder-row-1 nonhundred-percent-fullwidth non-hundred-percent-height-scrolling\" style=\"background-color: rgba(255,255,255,0);background-position: center center;background-repeat: no-repeat;padding-top:0px;padding-right:30px;padding-bottom:0px;padding-left:30px;margin-bottom: 0px;margin-top: 0px;border-width: 0px 0px 0px 0px;border-color:#eae9e9;border-style:solid;\" ><div class=\"fusion-builder-row fusion-row\"><div class=\"fusion-layout-column fusion_builder_column fusion-builder-column-0 fusion_builder_column_1_1 1_1 fusion-one-full fusion-column-first fusion-column-last\" style=\"margin-top:0px;margin-bottom:20px;\"><div class=\"fusion-column-wrapper fusion-flex-column-wrapper-legacy\" style=\"background-position:left top;background-repeat:no-repeat;-webkit-background-size:cover;-moz-background-size:cover;-o-background-size:cover;background-size:cover;padding: 0px 0px 0px 0px;\"><div class=\"fusion-text fusion-text-1\"><header>\n<h1 class=\"title entry-title\">Impressum<\/h1>\n<\/header>\n<section class=\"entry\">\n<div class=\"vc_row wpb_row vc_row-fluid\">\n<div class=\"wpb_column vc_column_container vc_col-sm-6\">\n<div class=\"wpb_wrapper\">\n<div class=\"wpb_text_column wpb_content_element\">\n<div class=\"wpb_wrapper\">\n<p><strong>Ramona Fellermeier &#8211; Coaching f\u00fcr Millennials<\/strong><\/p>\n<p>Reutbergerstra\u00dfe 2<\/p>\n<p>81371 M\u00fcnchen<\/p>\n<p>&nbsp;<\/p>\n<p><strong>Kontakt:<\/strong><\/p>\n<p>E-Mail: ramona@fellermeier.de<\/p>\n<p>Telefon: +49 (0)162 2702015<\/p>\n<\/div>\n<\/div>\n<\/div>\n<\/div>\n<div class=\"wpb_column vc_column_container vc_col-sm-6\"><\/div>\n<\/div>\n<div class=\"vc_row wpb_row vc_row-fluid\">\n<div class=\"wpb_column vc_column_container vc_col-sm-6\">\n<div class=\"wpb_wrapper\">\n<div class=\"wpb_text_column wpb_content_element\">\n<div class=\"wpb_wrapper\">\n<p>&nbsp;<\/p>\n<p><strong>Haftung f\u00fcr Inhalte<\/strong><\/p>\n<p>Die Informationen auf dieser Seite sind allgemeiner und informativer Art. Die Beitr\u00e4ge stellen keine Coaching- oder Beratungsleistung dar. F\u00fcr die G\u00fcltigkeit der Inhalte wird nicht gehaftet.<\/p>\n<p><strong>Haftung f\u00fcr Links<\/strong><\/p>\n<p>Die aufgef\u00fchrten externen Links f\u00fchren zu Inhalten fremder Anbieter. F\u00fcr diese Inhalte ist allein der jeweilige Anbieter verantwortlich. Bei bekannt werden von Rechtsverletzungen werden diese Links umgehend entfernt.<\/p>\n<\/div>\n<\/div>\n<\/div>\n<\/div>\n<div class=\"wpb_column vc_column_container vc_col-sm-6\">\n<div class=\"wpb_wrapper\">\n<div class=\"wpb_text_column wpb_content_element\">\n<div class=\"wpb_wrapper\">\n<p><strong>Urheberrecht\/ Verwertungsrechte<\/strong><\/p>\n<p>Die Ver\u00f6ffentlichungen auf diesen Seiten unterliegen dem deutschen Urheberrecht. Beitr\u00e4ge Dritter sind als solche gekennzeichnet. Vervielf\u00e4ltigung, Bearbeitung und jede Art der Verwertung au\u00dferhalb der Grenzen des Urheberrechtes bed\u00fcrfen der Zustimmung von Ramona Fellermeier oder des jeweiligen Verfassers. Downloads und Kopien dieser Seiten sind nur f\u00fcr den privaten, nicht kommerziellen Gebrauch gestattet.<\/p>\n<p>Solltest du Inhalte unserer Seiten oder Teile davon \u00fcbernehmen wollen, setze dich bitte mit uns in Verbindung.<\/p>\n<p><strong>\u00a0<\/strong><\/p>\n<\/div>\n<\/div>\n<\/div>\n<\/div>\n<\/div>\n<\/section>\n<\/div><div class=\"fusion-clearfix\"><\/div><\/div><\/div><\/div><\/div>\n","protected":false},"excerpt":{"rendered":"","protected":false},"author":1,"featured_media":0,"parent":0,"menu_order":0,"comment_status":"closed","ping_status":"closed","template":"","meta":{"footnotes":""},"class_list":["post-13265","page","type-page","status-publish","hentry"],"_links":{"self":[{"href":"https:\/\/www.ramonafellermeier.com\/en\/wp-json\/wp\/v2\/pages\/13265","targetHints":{"allow":["GET"]}}],"collection":[{"href":"https:\/\/www.ramonafellermeier.com\/en\/wp-json\/wp\/v2\/pages"}],"about":[{"href":"https:\/\/www.ramonafellermeier.com\/en\/wp-json\/wp\/v2\/types\/page"}],"author":[{"embeddable":true,"href":"https:\/\/www.ramonafellermeier.com\/en\/wp-json\/wp\/v2\/users\/1"}],"replies":[{"embeddable":true,"href":"https:\/\/www.ramonafellermeier.com\/en\/wp-json\/wp\/v2\/comments?post=13265"}],"version-history":[{"count":2,"href":"https:\/\/www.ramonafellermeier.com\/en\/wp-json\/wp\/v2\/pages\/13265\/revisions"}],"predecessor-version":[{"id":13267,"href":"https:\/\/www.ramonafellermeier.com\/en\/wp-json\/wp\/v2\/pages\/13265\/revisions\/13267"}],"wp:attachment":[{"href":"https:\/\/www.ramonafellermeier.com\/en\/wp-json\/wp\/v2\/media?parent=13265"}],"curies":[{"name":"wp","href":"https:\/\/api.w.org\/{rel}","templated":true}]}}